{"id":17,"date":"2015-02-05T10:21:11","date_gmt":"2015-02-05T10:21:11","guid":{"rendered":"http:\/\/wpcharming.wpengine.com\/construction\/?page_id=17"},"modified":"2023-10-13T11:01:49","modified_gmt":"2023-10-13T11:01:49","slug":"nuestrosservicios","status":"publish","type":"page","link":"https:\/\/eurekasolution.mx\/nuestrosservicios\/","title":{"rendered":"Nuestros Servicios"},"content":{"rendered":"<p>[vc_row padding_top=&#8221;10&#8243; padding_bottom=&#8221;0&#8243;][vc_column]\n\t<div class=\"child-page-wrapper \">\n\t\t<div class=\"grid-wrapper grid-3-columns grid-row \">\n\t\t\t<div class=\"grid-item grid-sm-6 grid-md-4\">\n\t\t\t\t<div class=\"grid-thumbnail\">\n\t\t\t\t\t<a href=\"#\" title=\"Suministros, mantenimientos e instalaciones de climas\"><\/a>\n\t\t\t\t<\/div>\n\t\t\t\t<h3 class=\"grid-title\"><a href=\"#\" rel=\"bookmark\">Suministros, mantenimientos e instalaciones de climas<\/a><\/h3>\n\n\t\t\t\t<p>Teniendo los t\u00e9cnicos certificados por las 3 mejores marcas que actualmente est\u00e1n en el mercado, las herramientas adecuadas para instalarlos como bomba de vac\u00edo a los sistemas, podemos decir que sus equipos est\u00e1n en las mejores manos, contamos con p\u00f3lizas de servicios para poder darle seguimiento a los equipos que con nosotros se suministran o instalan.<\/p>\n\n\t\t\t\t<a class=\"grid-more\" href=\"#\" title=\"Suministros, mantenimientos e instalaciones de climas\">Leer M\u00e1s<\/a>\n\n\t\t\t<\/div>\n\t\t\t\n\t\t\t<div class=\"grid-item grid-sm-6 grid-md-4\">\n\t\t\t\t<div class=\"grid-thumbnail\">\n\t\t\t\t\t<a href=\"#\" title=\"Material y Equipos para telecomunicaciones\"><\/a>\n\t\t\t\t<\/div>\n\t\t\t\t<h3 class=\"grid-title\"><a href=\"#\" rel=\"bookmark\">Material y Equipos para telecomunicaciones<\/a><\/h3>\n\n\t\t\t\t<p>Siempre pensando en las necesidades de nuestros clientes llevamos nuestro rubro de servicios comercial a otro nivel, como es el suministro de equipos y materiales para telecomunicaciones como cables UTP de cualquier categor\u00eda, conectores, ponchadoras, detectores de se\u00f1ales, medidores de frecuencias, convertidores, fuentes, modem, todo para voz y datos.<\/p>\n\n\t\t\t\t<a class=\"grid-more\" href=\"#\" title=\"Material y Equipos para telecomunicaciones\">Leer M\u00e1s<\/a>\n\n\t\t\t<\/div>\n\t\t\t\n\t\t\t<div class=\"grid-item grid-sm-6 grid-md-4\">\n\t\t\t\t<div class=\"grid-thumbnail\">\n\t\t\t\t\t<a href=\"#\" title=\"Materiales El\u00e9ctricos\"><\/a>\n\t\t\t\t<\/div>\n\t\t\t\t<h3 class=\"grid-title\"><a href=\"#\" rel=\"bookmark\">Materiales El\u00e9ctricos<\/a><\/h3>\n\n\t\t\t\t<p>Para tu proyecto somos la soluci\u00f3n, tenemos una gran variedad para suministro de todo el material el\u00e9ctrico que requieran de baja y alta tensi\u00f3n, gabinetes, tableros de distribuci\u00f3n, pastillas, conductores, tubos, cintas, apagadores, contactos, iluminaci\u00f3n, etc.<\/p>\n\n\t\t\t\t<a class=\"grid-more\" href=\"#\" title=\"Materiales El\u00e9ctricos\">Leer M\u00e1s<\/a>\n\n\t\t\t<\/div>\n\t\t\t\n\t\t\t\t<div class=\"clear\"><\/div>\n\t\t\t<div class=\"grid-item grid-sm-6 grid-md-4\">\n\t\t\t\t<div class=\"grid-thumbnail\">\n\t\t\t\t\t<a href=\"#\" title=\"Herramientas Neum\u00e1ticas y El\u00e9ctricas\"><\/a>\n\t\t\t\t<\/div>\n\t\t\t\t<h3 class=\"grid-title\"><a href=\"#\" rel=\"bookmark\">Herramientas Neum\u00e1ticas y El\u00e9ctricas<\/a><\/h3>\n\n\t\t\t\t<p>En convenios con distribuidores de marca reconocidas tenemos la facilidad de lograr suministrar para su taller, empresa de construcci\u00f3n o de electricidad o cualquier otro rubro, contamos con una variedad de equipos de l\u00ednea el\u00e9ctrica y neum\u00e1tica, como atornilladores, pulidoras\/esmeriladoras, grapadora, martillos, pistolas, lijadoras, compresores, entre muchas m\u00e1s, todas neum\u00e1ticas o el\u00e9ctricas seg\u00fan sea el requerimiento.<\/p>\n\n\t\t\t\t<a class=\"grid-more\" href=\"#\" title=\"Herramientas Neum\u00e1ticas y El\u00e9ctricas\">Leer M\u00e1s<\/a>\n\n\t\t\t<\/div>\n\t\t\t\n\t\t\t<div class=\"grid-item grid-sm-6 grid-md-4\">\n\t\t\t\t<div class=\"grid-thumbnail\">\n\t\t\t\t\t<a href=\"#\" title=\"Impermeabilizaciones\"><\/a>\n\t\t\t\t<\/div>\n\t\t\t\t<h3 class=\"grid-title\"><a href=\"#\" rel=\"bookmark\">Impermeabilizaciones<\/a><\/h3>\n\n\t\t\t\t<p>Las consecuencias de una mala impermeabilizaci\u00f3n pueden ser graves, causando da\u00f1os estructurales costosos, humedades que causan afectaciones de salud y con ellas graves enfermedades disminuyendo la calidad de vida. La soluci\u00f3n es identificar y corregir la problem\u00e1tica de ra\u00edz con las mejores t\u00e9cnicas y productos, cuidando por completo la inversi\u00f3n de nuestros clientes, y esa soluci\u00f3n y t\u00e9cnicas solo las tenemos en Eureka Solution.<\/p>\n\n\t\t\t\t<a class=\"grid-more\" href=\"#\" title=\"Impermeabilizaciones\">Leer M\u00e1s<\/a>\n\n\t\t\t<\/div>\n\t\t\t\n\t\t\t<div class=\"grid-item grid-sm-6 grid-md-4\">\n\t\t\t\t<div class=\"grid-thumbnail\">\n\t\t\t\t\t<a href=\"#\" title=\"Remodelaci\u00f3n y Obra civil en General\"><\/a>\n\t\t\t\t<\/div>\n\t\t\t\t<h3 class=\"grid-title\"><a href=\"#\" rel=\"bookmark\">Remodelaci\u00f3n y Obra civil en General<\/a><\/h3>\n\n\t\t\t\t<p>\u00bfTienes en mente alg\u00fan cambio para tu casa o negocio? Nosotros te ayudamos a hacer realidad tus sue\u00f1os, todo lo que tienes en mente que sea viable a tus posibilidades lo podemos realizar, con profesionalismo, calidad de servicio entrega y atenci\u00f3n personalizada en cada uno de nuestros proyectos, orientados siempre a la calidad y cuidando la inversi\u00f3n de nuestros clientes.<\/p>\n\n\t\t\t\t<a class=\"grid-more\" href=\"#\" title=\"Remodelaci\u00f3n y Obra civil en General\">Leer M\u00e1s<\/a>\n\n\t\t\t<\/div>\n\t\t\t\n\t\t\t\t<div class=\"clear\"><\/div>\n\t\t\t<div class=\"grid-item grid-sm-6 grid-md-4\">\n\t\t\t\t<div class=\"grid-thumbnail\">\n\t\t\t\t\t<a href=\"#\" title=\"Pintura, empastados, tabla roca y durox\"><\/a>\n\t\t\t\t<\/div>\n\t\t\t\t<h3 class=\"grid-title\"><a href=\"#\" rel=\"bookmark\">Pintura, empastados, tabla roca y durox<\/a><\/h3>\n\n\t\t\t\t<p>Con m\u00e1s de 10 a\u00f1os de experiencia en el \u00e1rea de pintura de edificios, centros comerciales, fachadas de negocios, espectaculares, casas habitaci\u00f3n entre otros, podemos decir que siempre vamos a realizar la mejor recomendaci\u00f3n, para que el proyecto perdure en el tiempo, con nuestro sello de calidad, como lo son t\u00e9cnicas de aplicaciones seg\u00fan productos y seg\u00fan las condiciones clim\u00e1ticas de la zona.<\/p>\n\n\t\t\t\t<a class=\"grid-more\" href=\"#\" title=\"Pintura, empastados, tabla roca y durox\">Leer M\u00e1s<\/a>\n\n\t\t\t<\/div>\n\t\t\t\n\t\t\t<div class=\"grid-item grid-sm-6 grid-md-4\">\n\t\t\t\t<div class=\"grid-thumbnail\">\n\t\t\t\t\t<a href=\"#\" title=\"Electricidad industrial, comercial y residencial\"><\/a>\n\t\t\t\t<\/div>\n\t\t\t\t<h3 class=\"grid-title\"><a href=\"#\" rel=\"bookmark\">Electricidad industrial, comercial y residencial<\/a><\/h3>\n\n\t\t\t\t<p>Somos especialista en electricidad industrial y comercial y residencial, con los mejores est\u00e1ndares de calidad en nuestros trabajos, realizando trabajos a empresas de renombres internacionalmente para tomar la experiencia y ser integradas en proyectos donde los requieran.<\/p>\n\n\t\t\t\t<a class=\"grid-more\" href=\"#\" title=\"Electricidad industrial, comercial y residencial\">Leer M\u00e1s<\/a>\n\n\t\t\t<\/div>\n\t\t\t\n\t\t<\/div>\n\t<\/div>[\/vc_column][\/vc_row]<\/p>\n","protected":false},"excerpt":{"rendered":"<p>[vc_row padding_top=&#8221;10&#8243; padding_bottom=&#8221;0&#8243;][vc_column][\/vc_column][\/vc_row]<\/p>\n","protected":false},"author":1,"featured_media":0,"parent":0,"menu_order":0,"comment_status":"open","ping_status":"open","template":"","meta":{"om_disable_all_campaigns":false,"_monsterinsights_skip_tracking":false,"_monsterinsights_sitenote_active":false,"_monsterinsights_sitenote_note":"","_monsterinsights_sitenote_category":0,"footnotes":""},"class_list":["post-17","page","type-page","status-publish","hentry"],"aioseo_notices":[],"_links":{"self":[{"href":"https:\/\/eurekasolution.mx\/wp-json\/wp\/v2\/pages\/17","targetHints":{"allow":["GET"]}}],"collection":[{"href":"https:\/\/eurekasolution.mx\/wp-json\/wp\/v2\/pages"}],"about":[{"href":"https:\/\/eurekasolution.mx\/wp-json\/wp\/v2\/types\/page"}],"author":[{"embeddable":true,"href":"https:\/\/eurekasolution.mx\/wp-json\/wp\/v2\/users\/1"}],"replies":[{"embeddable":true,"href":"https:\/\/eurekasolution.mx\/wp-json\/wp\/v2\/comments?post=17"}],"version-history":[{"count":6,"href":"https:\/\/eurekasolution.mx\/wp-json\/wp\/v2\/pages\/17\/revisions"}],"predecessor-version":[{"id":1045,"href":"https:\/\/eurekasolution.mx\/wp-json\/wp\/v2\/pages\/17\/revisions\/1045"}],"wp:attachment":[{"href":"https:\/\/eurekasolution.mx\/wp-json\/wp\/v2\/media?parent=17"}],"curies":[{"name":"wp","href":"https:\/\/api.w.org\/{rel}","templated":true}]}}