{"id":21,"date":"2015-02-05T10:21:41","date_gmt":"2015-02-05T10:21:41","guid":{"rendered":"http:\/\/wpcharming.wpengine.com\/construction\/?page_id=21"},"modified":"2023-10-08T12:07:53","modified_gmt":"2023-10-08T12:07:53","slug":"nosotros","status":"publish","type":"page","link":"https:\/\/eurekasolution.mx\/nosotros\/","title":{"rendered":"Nosotros"},"content":{"rendered":"<p>[vc_row padding_top=&#8221;10&#8243; padding_bottom=&#8221;10&#8243;][vc_column]\n\t<div class=\"custom-heading wpb_content_element  heading-medium\">\n\t\t<h2 class=\"heading-title\" >\u00bfQUI\u00c9NES SOMOS?<\/h2>\n\t\t<span class=\"heading-line primary\"><\/span>\n\t<\/div>[vc_column_text]Una empresa cuyo \u00fanico objetivo y compromiso es el entregar y proveer los servicios, herramientas y productos adecuados para cubrir las necesidades de nuestros clientes.[\/vc_column_text][\/vc_column][\/vc_row][vc_row padding_bottom=&#8221;0&#8243;][vc_column]\n\t<div class=\"custom-heading wpb_content_element  heading-medium\" style=\"margin-bottom: -10px;\">\n\t\t<h2 class=\"heading-title\" >VISI\u00d3N<\/h2>\n\t\t<span class=\"heading-line primary\"><\/span>\n\t<\/div>[vc_column_text]Ser reconocidos por la calidad de nuestros servicios y que estos se cumplan con todos los est\u00e1ndares de seguridad, tecnolog\u00eda e innovaci\u00f3n a trav\u00e9s de la generaci\u00f3n de proyectos, negocios y soluciones integrales para nuestros clientes, manteniendo siempre un compromiso con el pa\u00eds, la comunidad y el respeto por el medio ambiente.[\/vc_column_text][\/vc_column][\/vc_row][vc_row padding_bottom=&#8221;0&#8243;][vc_column]\n\t<div class=\"custom-heading wpb_content_element  heading-medium\" style=\"margin-bottom: -10px;\">\n\t\t<h2 class=\"heading-title\" >MISI\u00d3N<\/h2>\n\t\t<span class=\"heading-line primary\"><\/span>\n\t<\/div>[vc_column_text]Mantener como prioridad en nuestros servicios, la calidad t\u00e9cnica, innovaci\u00f3n, tecnolog\u00eda y seguridad para cumplir con todas las necesidades y satisfacer demandas en el \u00e1rea comercial, industrial y de mantenimiento, con la calidad y servicios, atenci\u00f3n de primera y los mejores costos del mercado.[\/vc_column_text][\/vc_column][\/vc_row][vc_row padding_bottom=&#8221;0&#8243;][vc_column]\n\t<div class=\"custom-heading wpb_content_element  heading-medium\" style=\"margin-bottom: -10px;\">\n\t\t<h2 class=\"heading-title\" >NUESTROS VALORES<\/h2>\n\t\t<span class=\"heading-line primary\"><\/span>\n\t<\/div>[vc_column_text]La raz\u00f3n por la que los negocios productivos logran llegar a un punto alto de rentabilidad es debido a las caracter\u00edsticas y valores que re\u00fane un empresario para alcanzar el \u00e9xito.[\/vc_column_text][\/vc_column][\/vc_row][vc_row padding_bottom=&#8221;0&#8243;][vc_column width=&#8221;1\/5&#8243;][vc_single_image image=&#8221;928&#8243; alignment=&#8221;center&#8221; css=&#8221;.vc_custom_1696763101626{margin-bottom: 0px !important;border-bottom-width: 0px !important;padding-bottom: 0px !important;}&#8221;][vc_column_text css=&#8221;.vc_custom_1696763369764{margin-top: 0px !important;border-top-width: 0px !important;padding-top: 0px !important;}&#8221;]<\/p>\n<h4 style=\"text-align: center;\">Eficacia<\/h4>\n<p>[\/vc_column_text][\/vc_column][vc_column width=&#8221;1\/5&#8243;][vc_single_image image=&#8221;929&#8243; alignment=&#8221;center&#8221; css=&#8221;.vc_custom_1696763402752{margin-bottom: 0px !important;border-bottom-width: 0px !important;padding-bottom: 0px !important;}&#8221;][vc_column_text css=&#8221;.vc_custom_1696763393051{margin-top: 0px !important;border-top-width: 0px !important;padding-top: 0px !important;}&#8221;]<\/p>\n<h4 style=\"text-align: center;\">\u00c9tica<\/h4>\n<p>[\/vc_column_text][\/vc_column][vc_column width=&#8221;1\/5&#8243;][vc_single_image image=&#8221;932&#8243; alignment=&#8221;center&#8221; css=&#8221;.vc_custom_1696763435014{margin-bottom: 0px !important;border-bottom-width: 0px !important;padding-bottom: 0px !important;}&#8221;][vc_column_text css=&#8221;.vc_custom_1696763422777{margin-top: 0px !important;border-top-width: 0px !important;padding-top: 0px !important;}&#8221;]<\/p>\n<h4 style=\"text-align: center;\">Trabajo en Equipo<\/h4>\n<p>[\/vc_column_text][\/vc_column][vc_column width=&#8221;1\/5&#8243;][vc_single_image image=&#8221;931&#8243; alignment=&#8221;center&#8221; css=&#8221;.vc_custom_1696763466266{margin-bottom: 0px !important;border-bottom-width: 0px !important;padding-bottom: 0px !important;}&#8221;][vc_column_text css=&#8221;.vc_custom_1696763455799{margin-top: 0px !important;border-top-width: 0px !important;padding-top: 0px !important;}&#8221;]<\/p>\n<h4 style=\"text-align: center;\">Orientaci\u00f3n al cliente<\/h4>\n<p>[\/vc_column_text][\/vc_column][vc_column width=&#8221;1\/5&#8243;][vc_single_image image=&#8221;930&#8243; alignment=&#8221;center&#8221; css=&#8221;.vc_custom_1696763476226{margin-bottom: 0px !important;border-bottom-width: 0px !important;padding-bottom: 0px !important;}&#8221;][vc_column_text css=&#8221;.vc_custom_1696763488800{margin-top: 0px !important;border-top-width: 0px !important;padding-top: 0px !important;}&#8221;]<\/p>\n<h4 style=\"text-align: center;\">Fiabilidad<\/h4>\n<p>[\/vc_column_text][\/vc_column][\/vc_row]<\/p>\n","protected":false},"excerpt":{"rendered":"<p>[vc_row padding_top=&#8221;10&#8243; padding_bottom=&#8221;10&#8243;][vc_column][vc_column_text]Una empresa cuyo \u00fanico objetivo y compromiso es el entregar y proveer los servicios, herramientas y productos adecuados para &#8230;<\/p>\n","protected":false},"author":1,"featured_media":0,"parent":0,"menu_order":0,"comment_status":"open","ping_status":"open","template":"","meta":{"om_disable_all_campaigns":false,"_monsterinsights_skip_tracking":false,"_monsterinsights_sitenote_active":false,"_monsterinsights_sitenote_note":"","_monsterinsights_sitenote_category":0,"footnotes":""},"class_list":["post-21","page","type-page","status-publish","hentry"],"aioseo_notices":[],"_links":{"self":[{"href":"https:\/\/eurekasolution.mx\/wp-json\/wp\/v2\/pages\/21","targetHints":{"allow":["GET"]}}],"collection":[{"href":"https:\/\/eurekasolution.mx\/wp-json\/wp\/v2\/pages"}],"about":[{"href":"https:\/\/eurekasolution.mx\/wp-json\/wp\/v2\/types\/page"}],"author":[{"embeddable":true,"href":"https:\/\/eurekasolution.mx\/wp-json\/wp\/v2\/users\/1"}],"replies":[{"embeddable":true,"href":"https:\/\/eurekasolution.mx\/wp-json\/wp\/v2\/comments?post=21"}],"version-history":[{"count":3,"href":"https:\/\/eurekasolution.mx\/wp-json\/wp\/v2\/pages\/21\/revisions"}],"predecessor-version":[{"id":949,"href":"https:\/\/eurekasolution.mx\/wp-json\/wp\/v2\/pages\/21\/revisions\/949"}],"wp:attachment":[{"href":"https:\/\/eurekasolution.mx\/wp-json\/wp\/v2\/media?parent=21"}],"curies":[{"name":"wp","href":"https:\/\/api.w.org\/{rel}","templated":true}]}}